{"id":2,"date":"2013-03-30T11:08:13","date_gmt":"2013-03-30T11:08:13","guid":{"rendered":"http:\/\/am-see-ruegen.de\/?page_id=2"},"modified":"2022-10-15T09:01:41","modified_gmt":"2022-10-15T08:01:41","slug":"beispiel-seite","status":"publish","type":"page","link":"https:\/\/am-see-ruegen.de\/","title":{"rendered":"Home"},"content":{"rendered":"<div id=\"pl-2\"  class=\"panel-layout\" ><div id=\"pg-2-0\"  class=\"panel-grid panel-no-style\" ><div id=\"pgc-2-0-0\"  class=\"panel-grid-cell\" ><div id=\"panel-2-0-0-0\" class=\"so-panel widget widget_sow-editor panel-first-child panel-last-child\" data-index=\"0\" ><div\n\t\t\t\n\t\t\tclass=\"so-widget-sow-editor so-widget-sow-editor-base\"\n\t\t\t\n\t\t><h3 class=\"widget-title\">Herzlich Willkommen auf R\u00fcgen!<\/h3>\n<div class=\"siteorigin-widget-tinymce textwidget\">\n\t<p>Die Pension Zum Neuensiener See mit unseren Ferienwohnungen ( 48 qm, 1 Wohn-\/Schlafzimmer, 1 Schlafzimmer; max. 4 Erw.), befinden sich sehr ruhig und naturnah zwischen der Granitz und dem Neuensiener See. Das Haus liegt naturnah am Ortsrand. Nur wenige Schritte vor dem Haus schweift der Blick in Richtung Neuensiener See und in das M\u00f6nchgut, oder in die Granitz, auf deren H\u00f6henzug sich erhaben das Jagdschloss aus dem Wald erhebt.Bis zum Ostseebad Sellin sind es ca. 4 km. Hier befindet sich auch der kilometerlange, feinsandige Badestrand an der Ostsee.<\/p>\n<p>Der kleine Ort Lancken-Granitz, in dem unsere Ferienanlage liegt, geh\u00f6rt zum UNESCO Biosph\u00e4renreservat S\u00fcdost-R\u00fcgen mit herrlicher, unverbrauchter Natur. Wir sind besonders f\u00fcr Familien und Naturliebhaber geeignet!<\/p>\n<p>Unsere Ferienwohnungen wurden modern und komfortabel eingerichtet, bieten auch einen WLAN-Internetanschluss. Zur Anlage geh\u00f6ren eine gro\u00dfe Liegewiese, Sitz- und Grillm\u00f6glichkeiten mit Gartenm\u00f6beln und liebe G\u00e4nse und H\u00fchner. In unserem Garten wachsen Obstb\u00e4ume, Blumen, Kr\u00e4uter und Gem\u00fcse. Als besonderes Extra k\u00f6nnen Sie uns beim Honigmachen (eigene Bienen) zusehen und nat\u00fcrlich auch kosten! Frische Eier von gl\u00fccklichen H\u00fchnern geh\u00f6ren ebenfalls zu unserem Angebot.<\/p>\n<p>Bei Ihrer Anreise liegen frische Handt\u00fccher bereit und die Betten sind bereits mit Bettw\u00e4sche aufbezogen. Weitere Angaben finden Sie bei der Detailbeschreibung des Ferienappartements.<\/p>\n<p>Ein Parkplatz steht direkt am Haus zur Verf\u00fcgung. F\u00fcr Ihre mitgebrachten Fahrr\u00e4der steht eine Unterstellm\u00f6glichkeit zur Verf\u00fcgung. Leihr\u00e4der werden auf Wunsch direkt ans Objekt gebracht. Bis zur Bus-Haltestelle des \u00f6ffentlichen Nahverkehrs sind es ca. 900 Meter.<\/p>\n<p>Ich freue mich darauf Sie bald als Gast begr\u00fc\u00dfen zu d\u00fcrfen.<\/p>\n<p><em>Horst-Dieter Priebe<\/em><\/p>\n<\/div>\n<\/div><\/div><\/div><\/div><\/div>","protected":false},"excerpt":{"rendered":"<p>Die Pension Zum Neuensiener See mit unseren Ferienwohnungen ( 48 qm, 1 Wohn-\/Schlafzimmer, 1 Schlafzimmer; max. 4 Erw.), befinden sich sehr ruhig und naturnah zwischen der Granitz und dem Neuensiener See. Das Haus liegt naturnah am Ortsrand. Nur wenige Schritte<\/p>\n","protected":false},"author":1,"featured_media":0,"parent":0,"menu_order":0,"comment_status":"closed","ping_status":"open","template":"","meta":{"ngg_post_thumbnail":0},"aioseo_notices":[],"_links":{"self":[{"href":"https:\/\/am-see-ruegen.de\/index.php?rest_route=\/wp\/v2\/pages\/2"}],"collection":[{"href":"https:\/\/am-see-ruegen.de\/index.php?rest_route=\/wp\/v2\/pages"}],"about":[{"href":"https:\/\/am-see-ruegen.de\/index.php?rest_route=\/wp\/v2\/types\/page"}],"author":[{"embeddable":true,"href":"https:\/\/am-see-ruegen.de\/index.php?rest_route=\/wp\/v2\/users\/1"}],"replies":[{"embeddable":true,"href":"https:\/\/am-see-ruegen.de\/index.php?rest_route=%2Fwp%2Fv2%2Fcomments&post=2"}],"version-history":[{"count":4,"href":"https:\/\/am-see-ruegen.de\/index.php?rest_route=\/wp\/v2\/pages\/2\/revisions"}],"predecessor-version":[{"id":623,"href":"https:\/\/am-see-ruegen.de\/index.php?rest_route=\/wp\/v2\/pages\/2\/revisions\/623"}],"wp:attachment":[{"href":"https:\/\/am-see-ruegen.de\/index.php?rest_route=%2Fwp%2Fv2%2Fmedia&parent=2"}],"curies":[{"name":"wp","href":"https:\/\/api.w.org\/{rel}","templated":true}]}}