{"id":390,"date":"2017-04-04T20:39:21","date_gmt":"2017-04-04T19:39:21","guid":{"rendered":"http:\/\/am-see-ruegen.de\/?page_id=390"},"modified":"2022-10-14T13:20:04","modified_gmt":"2022-10-14T12:20:04","slug":"boskop","status":"publish","type":"page","link":"https:\/\/am-see-ruegen.de\/?page_id=390","title":{"rendered":"Boskop"},"content":{"rendered":"<div id=\"pl-390\"  class=\"panel-layout\" ><div id=\"pg-390-0\"  class=\"panel-grid panel-no-style\" ><div id=\"pgc-390-0-0\"  class=\"panel-grid-cell\" ><div id=\"panel-390-0-0-0\" class=\"so-panel widget widget_sow-editor panel-first-child panel-last-child\" data-index=\"0\" ><div\n\t\t\t\n\t\t\tclass=\"so-widget-sow-editor so-widget-sow-editor-base\"\n\t\t\t\n\t\t>\n<div class=\"siteorigin-widget-tinymce textwidget\">\n\t<p><strong>Das 2-Raum-Appartement liegt im Obergeschoss<\/strong> und ist ca. 48 qm gro\u00df.<br \/>\nEs bietet Platz f\u00fcr maximal 4 Erwachsene und wurde modern und komfortabel eingerichtet. Dieses Appartement verf\u00fcgt auch \u00fcber einen WLAN-Internet- und einen Telefonanschluss.<\/p>\n<p>Im Wohnraum befinden sich eine bequeme Sitzcouch mit Tisch, Sessel und ein TV-Ger\u00e4t. Hier steht auch ein Esstisch mit Sitzgelegenheiten.<\/p>\n<p>Im separaten Schlafzimmer stehen ein bequemes Doppelbett mit Nachtschr\u00e4nken und Leselampen sowie ein Kleiderschrank.<\/p>\n<p>Die neu eingerichtete K\u00fcchenzeile ist mit einem Cerankochfeld, Backofen, Abzugshaube, Geschirrsp\u00fcler, Wasserkocher, Kaffeemaschine, Toaster, Mikrowelle und K\u00fchlschrank komplett ausgestattet.<\/p>\n<p>F\u00fcr 2 weitere G\u00e4ste kann in diesem Appartement die Couch aufgebettet werden. Ein kleines Kinderreisebett und ein Hochstuhl k\u00f6nnen auf Wunsch kostenlos bereit gestellt werden.<\/p>\n<p>Bei Ihrer Anreise liegen frische Handt\u00fccher bereit und die Betten sind selbstverst\u00e4ndlich bereits mit Bettw\u00e4sche bezogen.<\/p>\n<p>Das Bad ist mit Dusche, WC und Waschtisch ausgestattet.<\/p>\n<p>Die G\u00e4ste der Appartements im Obergeschoss steht an Haus\/Garten, eine Terrasse mit Gartenm\u00f6bel zur Verf\u00fcgung.<\/p>\n<\/div>\n<\/div><\/div><\/div><\/div><div id=\"pg-390-1\"  class=\"panel-grid panel-no-style\" ><div id=\"pgc-390-1-0\"  class=\"panel-grid-cell\" ><div id=\"panel-390-1-0-0\" class=\"so-panel widget widget_slideshow panel-first-child panel-last-child\" data-index=\"1\" ><h3 class=\"widget-title\">Slideshow<\/h3><div class=\"ngg_slideshow widget\">\n    \n\n<div class=\"ngg-galleryoverview ngg-slideshow\"\n\t id=\"ngg-slideshow-b5fbc30cd9765eb51ad4e95bffa9aad9-14493879010\"\n     data-gallery-id=\"b5fbc30cd9765eb51ad4e95bffa9aad9\"\n     style=\"max-width: 500px; max-height: 333px;\">\n\n \t<div id=\"ngg-image-0\" class=\"ngg-gallery-slideshow-image\" style=\"height:333px\">\n\n        <a href=\"https:\/\/am-see-ruegen.de\/wp-content\/gallery\/boskop\/wohnen-boskop.jpg\"\n           title=\"\"\n           data-src=\"https:\/\/am-see-ruegen.de\/wp-content\/gallery\/boskop\/wohnen-boskop.jpg\"\n           data-thumbnail=\"https:\/\/am-see-ruegen.de\/wp-content\/gallery\/boskop\/thumbs\/thumbs_wohnen-boskop.jpg\"\n           data-image-id=\"96\"\n           data-title=\"wohnen-boskop\"\n           data-description=\"\"\n           class=\"ngg-fancybox\" rel=\"b5fbc30cd9765eb51ad4e95bffa9aad9\">\n\n            <img data-image-id='96'\n                 title=\"\"\n                 alt=\"wohnen-boskop\"\n                 src=\"https:\/\/am-see-ruegen.de\/wp-content\/gallery\/boskop\/wohnen-boskop.jpg\"\n                 style=\"max-height: 313px;\"\/>\n        <\/a>\n\n        <\/div> \n<div id=\"ngg-image-1\" class=\"ngg-gallery-slideshow-image\" style=\"height:333px\">\n\n        <a href=\"https:\/\/am-see-ruegen.de\/wp-content\/gallery\/boskop\/wohnen-boskop-1.jpg\"\n           title=\"\"\n           data-src=\"https:\/\/am-see-ruegen.de\/wp-content\/gallery\/boskop\/wohnen-boskop-1.jpg\"\n           data-thumbnail=\"https:\/\/am-see-ruegen.de\/wp-content\/gallery\/boskop\/thumbs\/thumbs_wohnen-boskop-1.jpg\"\n           data-image-id=\"97\"\n           data-title=\"wohnen-boskop-1\"\n           data-description=\"\"\n           class=\"ngg-fancybox\" rel=\"b5fbc30cd9765eb51ad4e95bffa9aad9\">\n\n            <img data-image-id='97'\n                 title=\"\"\n                 alt=\"wohnen-boskop-1\"\n                 src=\"https:\/\/am-see-ruegen.de\/wp-content\/gallery\/boskop\/wohnen-boskop-1.jpg\"\n                 style=\"max-height: 313px;\"\/>\n        <\/a>\n\n        <\/div> \n<div id=\"ngg-image-2\" class=\"ngg-gallery-slideshow-image\" style=\"height:333px\">\n\n        <a href=\"https:\/\/am-see-ruegen.de\/wp-content\/gallery\/boskop\/kueche-boskop.jpg\"\n           title=\"\"\n           data-src=\"https:\/\/am-see-ruegen.de\/wp-content\/gallery\/boskop\/kueche-boskop.jpg\"\n           data-thumbnail=\"https:\/\/am-see-ruegen.de\/wp-content\/gallery\/boskop\/thumbs\/thumbs_kueche-boskop.jpg\"\n           data-image-id=\"95\"\n           data-title=\"kueche-boskop\"\n           data-description=\"\"\n           class=\"ngg-fancybox\" rel=\"b5fbc30cd9765eb51ad4e95bffa9aad9\">\n\n            <img data-image-id='95'\n                 title=\"\"\n                 alt=\"kueche-boskop\"\n                 src=\"https:\/\/am-see-ruegen.de\/wp-content\/gallery\/boskop\/kueche-boskop.jpg\"\n                 style=\"max-height: 313px;\"\/>\n        <\/a>\n\n        <\/div> \n<div id=\"ngg-image-3\" class=\"ngg-gallery-slideshow-image\" style=\"height:333px\">\n\n        <a href=\"https:\/\/am-see-ruegen.de\/wp-content\/gallery\/boskop\/boskop-schlafen.jpg\"\n           title=\"\"\n           data-src=\"https:\/\/am-see-ruegen.de\/wp-content\/gallery\/boskop\/boskop-schlafen.jpg\"\n           data-thumbnail=\"https:\/\/am-see-ruegen.de\/wp-content\/gallery\/boskop\/thumbs\/thumbs_boskop-schlafen.jpg\"\n           data-image-id=\"93\"\n           data-title=\"boskop-schlafen\"\n           data-description=\"\"\n           class=\"ngg-fancybox\" rel=\"b5fbc30cd9765eb51ad4e95bffa9aad9\">\n\n            <img data-image-id='93'\n                 title=\"\"\n                 alt=\"boskop-schlafen\"\n                 src=\"https:\/\/am-see-ruegen.de\/wp-content\/gallery\/boskop\/boskop-schlafen.jpg\"\n                 style=\"max-height: 313px;\"\/>\n        <\/a>\n\n        <\/div> \n<div id=\"ngg-image-4\" class=\"ngg-gallery-slideshow-image\" style=\"height:333px\">\n\n        <a href=\"https:\/\/am-see-ruegen.de\/wp-content\/gallery\/boskop\/boskop-schlafen-1.jpg\"\n           title=\"\"\n           data-src=\"https:\/\/am-see-ruegen.de\/wp-content\/gallery\/boskop\/boskop-schlafen-1.jpg\"\n           data-thumbnail=\"https:\/\/am-see-ruegen.de\/wp-content\/gallery\/boskop\/thumbs\/thumbs_boskop-schlafen-1.jpg\"\n           data-image-id=\"94\"\n           data-title=\"boskop-schlafen-1\"\n           data-description=\"\"\n           class=\"ngg-fancybox\" rel=\"b5fbc30cd9765eb51ad4e95bffa9aad9\">\n\n            <img data-image-id='94'\n                 title=\"\"\n                 alt=\"boskop-schlafen-1\"\n                 src=\"https:\/\/am-see-ruegen.de\/wp-content\/gallery\/boskop\/boskop-schlafen-1.jpg\"\n                 style=\"max-height: 313px;\"\/>\n        <\/a>\n\n        <\/div> \n<div id=\"ngg-image-5\" class=\"ngg-gallery-slideshow-image\" style=\"height:333px\">\n\n        <a href=\"https:\/\/am-see-ruegen.de\/wp-content\/gallery\/boskop\/bad-boskop.jpg\"\n           title=\"\"\n           data-src=\"https:\/\/am-see-ruegen.de\/wp-content\/gallery\/boskop\/bad-boskop.jpg\"\n           data-thumbnail=\"https:\/\/am-see-ruegen.de\/wp-content\/gallery\/boskop\/thumbs\/thumbs_bad-boskop.jpg\"\n           data-image-id=\"134\"\n           data-title=\"bad-boskop\"\n           data-description=\"\"\n           class=\"ngg-fancybox\" rel=\"b5fbc30cd9765eb51ad4e95bffa9aad9\">\n\n            <img data-image-id='134'\n                 title=\"\"\n                 alt=\"bad-boskop\"\n                 src=\"https:\/\/am-see-ruegen.de\/wp-content\/gallery\/boskop\/bad-boskop.jpg\"\n                 style=\"max-height: 313px;\"\/>\n        <\/a>\n\n        <\/div> \n<div id=\"ngg-image-6\" class=\"ngg-gallery-slideshow-image\" style=\"height:333px\">\n\n        <a href=\"https:\/\/am-see-ruegen.de\/wp-content\/gallery\/boskop\/zim_1280x960_196361_007.jpg\"\n           title=\"\"\n           data-src=\"https:\/\/am-see-ruegen.de\/wp-content\/gallery\/boskop\/zim_1280x960_196361_007.jpg\"\n           data-thumbnail=\"https:\/\/am-see-ruegen.de\/wp-content\/gallery\/boskop\/thumbs\/thumbs_zim_1280x960_196361_007.jpg\"\n           data-image-id=\"133\"\n           data-title=\"zim_1280x960_196361_007\"\n           data-description=\"\"\n           class=\"ngg-fancybox\" rel=\"b5fbc30cd9765eb51ad4e95bffa9aad9\">\n\n            <img data-image-id='133'\n                 title=\"\"\n                 alt=\"zim_1280x960_196361_007\"\n                 src=\"https:\/\/am-see-ruegen.de\/wp-content\/gallery\/boskop\/zim_1280x960_196361_007.jpg\"\n                 style=\"max-height: 313px;\"\/>\n        <\/a>\n\n        <\/div> \n<\/div>\n\n\n\n<\/div>\n<\/div><\/div><\/div><\/div>","protected":false},"excerpt":{"rendered":"<p>Das 2-Raum-Appartement liegt im Obergeschoss und ist ca. 48 qm gro\u00df. Es bietet Platz f\u00fcr maximal 4 Erwachsene und wurde modern und komfortabel eingerichtet. Dieses Appartement verf\u00fcgt auch \u00fcber einen WLAN-Internet- und einen Telefonanschluss. Im Wohnraum befinden sich eine bequeme<\/p>\n","protected":false},"author":1,"featured_media":0,"parent":19,"menu_order":252,"comment_status":"closed","ping_status":"closed","template":"","meta":{"ngg_post_thumbnail":0},"aioseo_notices":[],"_links":{"self":[{"href":"https:\/\/am-see-ruegen.de\/index.php?rest_route=\/wp\/v2\/pages\/390"}],"collection":[{"href":"https:\/\/am-see-ruegen.de\/index.php?rest_route=\/wp\/v2\/pages"}],"about":[{"href":"https:\/\/am-see-ruegen.de\/index.php?rest_route=\/wp\/v2\/types\/page"}],"author":[{"embeddable":true,"href":"https:\/\/am-see-ruegen.de\/index.php?rest_route=\/wp\/v2\/users\/1"}],"replies":[{"embeddable":true,"href":"https:\/\/am-see-ruegen.de\/index.php?rest_route=%2Fwp%2Fv2%2Fcomments&post=390"}],"version-history":[{"count":7,"href":"https:\/\/am-see-ruegen.de\/index.php?rest_route=\/wp\/v2\/pages\/390\/revisions"}],"predecessor-version":[{"id":619,"href":"https:\/\/am-see-ruegen.de\/index.php?rest_route=\/wp\/v2\/pages\/390\/revisions\/619"}],"up":[{"embeddable":true,"href":"https:\/\/am-see-ruegen.de\/index.php?rest_route=\/wp\/v2\/pages\/19"}],"wp:attachment":[{"href":"https:\/\/am-see-ruegen.de\/index.php?rest_route=%2Fwp%2Fv2%2Fmedia&parent=390"}],"curies":[{"name":"wp","href":"https:\/\/api.w.org\/{rel}","templated":true}]}}