{"id":44,"date":"2013-04-02T18:38:25","date_gmt":"2013-04-02T17:38:25","guid":{"rendered":"http:\/\/am-see-ruegen.de\/?page_id=44"},"modified":"2024-05-05T13:46:38","modified_gmt":"2024-05-05T12:46:38","slug":"preisliste","status":"publish","type":"page","link":"https:\/\/am-see-ruegen.de\/?page_id=44","title":{"rendered":"Preisliste"},"content":{"rendered":"<div id=\"pl-44\"  class=\"panel-layout\" ><div id=\"pg-44-0\"  class=\"panel-grid panel-no-style\" ><div id=\"pgc-44-0-0\"  class=\"panel-grid-cell\" ><div id=\"panel-44-0-0-0\" class=\"so-panel widget widget_sow-editor panel-first-child panel-last-child\" data-index=\"0\" ><div\n\t\t\t\n\t\t\tclass=\"so-widget-sow-editor so-widget-sow-editor-base\"\n\t\t\t\n\t\t>\n<div class=\"siteorigin-widget-tinymce textwidget\">\n\t<p>&nbsp;<\/p>\n<div align=\"center\">\n<div align=\"center\">\n<p><a href=\"https:\/\/www.buchen.travel\/im-web-expose-booking\/index.php?interface=72407&amp;obj=34296\" target=\"_blank\" rel=\"noopener\"><img decoding=\"async\" loading=\"lazy\" class=\"aligncenter\" src=\"\/wp-content\/uploads\/2019\/02\/buchen.jpg\" alt=\"Ferienwohnung buchen\" width=\"190\" height=\"30\" border=\"0\"\/><\/a><\/p>\n<div align=\"center\">_____________________________________________________________<\/div>\n<div align=\"center\">&nbsp;<\/div>\n<div align=\"center\"><strong>Preise und Saisonzeitenf\u00fcr 2024<br \/>\n<\/strong><\/div>\n<div align=\"center\">&nbsp;<\/div>\n<div align=\"center\">\n<table>\n<tbody>\n<tr>\n<td>Ferienwohnung<\/td>\n<td>G\u00e4ste<\/td>\n<td>\u00dcN<\/td>\n<td>Nebensaison<\/td>\n<td style=\"text-align: right;\">Zwischen<\/td>\n<td style=\"text-align: left;\">saison<\/td>\n<td style=\"text-align: right;\">Haupt<\/td>\n<td style=\"text-align: left;\">saison<\/td>\n<\/tr>\n<tr>\n<td>&nbsp;<\/td>\n<td>&nbsp;<\/td>\n<td>&nbsp;<\/td>\n<td>&nbsp;<\/td>\n<td bgcolor=\"#99FF99\">28.03.-28.06.<\/td>\n<td bgcolor=\"#FFCC99\">29.06.-12.07.<\/td>\n<td bgcolor=\"#C1FFFF\">01.07.-23.08.<\/td>\n<td bgcolor=\"#FFCCFF\">28.12.-02.01.25<\/td>\n<\/tr>\n<tr>\n<td>&nbsp;<\/td>\n<td>&nbsp;<\/td>\n<td>&nbsp;<\/td>\n<td bgcolor=\"#FFFF99\">04.11.-26.12.<\/td>\n<td bgcolor=\"#99FF99\">07.09.-03.11.<\/td>\n<td bgcolor=\"#FFCC99\">24.08.-06.09.<\/td>\n<td>&nbsp;<\/td>\n<td>&nbsp;<\/td>\n<\/tr>\n<tr>\n<td>&nbsp;<\/td>\n<td>&nbsp;<\/td>\n<td>&nbsp;<\/td>\n<td bgcolor=\"#FFFF99\">03.01.-11.04.<\/td>\n<td bgcolor=\"#99FF99\">12.04.-26.06<\/td>\n<td bgcolor=\"#FFCC99\">27.06.-18.07.<\/td>\n<td bgcolor=\"#C1FFFF\">19.07.-22.08.<\/td>\n<td bgcolor=\"#FFCCFF\">27.12.-03.01.26<\/td>\n<\/tr>\n<tr>\n<td>&nbsp;<\/td>\n<td>&nbsp;<\/td>\n<td>&nbsp;<\/td>\n<td bgcolor=\"#FFFF99\">03.11.-22.12<\/td>\n<td bgcolor=\"#99FF99\">08.09.-2.11.<\/td>\n<td bgcolor=\"#FFCC99\">23.08.-07.09.<\/td>\n<td>&nbsp;<\/td>\n<td>&nbsp;<\/td>\n<\/tr>\n<tr>\n<td>&nbsp;<\/td>\n<td>&nbsp;<\/td>\n<td>&nbsp;<\/td>\n<td bgcolor=\"#FFFF99\">04.01.-31.01.<\/td>\n<td bgcolor=\"#99FF99\">23.12.-26.12.<\/td>\n<td>&nbsp;<\/td>\n<td>&nbsp;<\/td>\n<td>&nbsp;<\/td>\n<\/tr>\n<tr>\n<td>&nbsp;<\/td>\n<td>&nbsp;<\/td>\n<td>&nbsp;<\/td>\n<td>&nbsp;<\/td>\n<td>&nbsp;<\/td>\n<td>&nbsp;<\/td>\n<td>&nbsp;<\/td>\n<td>&nbsp;<\/td>\n<\/tr>\n<tr style=\"height: 48px;\">\n<td><strong>Mindest-<br \/>\nAufenthalt<\/strong><\/td>\n<td>&nbsp;<\/td>\n<td>&nbsp;<\/td>\n<td>2 \u00dcN<\/td>\n<td>2\u00dcN<\/td>\n<td>2\u00dcN<\/td>\n<td>5\u00dcN<\/td>\n<td>4 \u00dcN<\/td>\n<\/tr>\n<tr>\n<td>&nbsp;<\/td>\n<td>&nbsp;<\/td>\n<td>&nbsp;<\/td>\n<td>&nbsp;<\/td>\n<td>&nbsp;<\/td>\n<td>&nbsp;<\/td>\n<td>&nbsp;<\/td>\n<td>&nbsp;<\/td>\n<\/tr>\n<tr>\n<td>&nbsp;<\/td>\n<td>&nbsp;<\/td>\n<td>&nbsp;<\/td>\n<td>&nbsp;<\/td>\n<td>&nbsp;<\/td>\n<td>&nbsp;<\/td>\n<td>&nbsp;<\/td>\n<td>&nbsp;<\/td>\n<\/tr>\n<tr>\n<td><strong>Grafensteiner<\/strong><\/td>\n<td>2 Erw.<\/td>\n<td>bis 2\u00dcN<\/td>\n<td bgcolor=\"#FFFF99\">83,00 \u20ac<\/td>\n<td bgcolor=\"#99FF99\">103,00\u20ac<\/td>\n<td bgcolor=\"#FFCC99\">133,00 \u20ac<\/td>\n<td bgcolor=\"#C1FFFF\">133,00 \u20ac<\/td>\n<td bgcolor=\"#FFCCFF\">133,00 \u20ac<\/td>\n<\/tr>\n<tr>\n<td>max. 4Per.<\/td>\n<td>2 Erw.<\/td>\n<td>ab 3\u00dcN<\/td>\n<td bgcolor=\"#FFFF99\">50,00 \u20ac<\/td>\n<td bgcolor=\"#99FF99\">70,00\u20ac<\/td>\n<td bgcolor=\"#FFCC99\">100,00 \u20ac<\/td>\n<td bgcolor=\"#C1FFFF\">100,00 \u20ac<\/td>\n<td bgcolor=\"#FFCCFF\">100,00 \u20ac<\/td>\n<\/tr>\n<tr>\n<td bgcolor=\"#00CCFF\"><strong>Fr\u00fchbucher<\/strong><\/td>\n<td bgcolor=\"#00CCFF\">f\u00fcr<\/td>\n<td bgcolor=\"#00CCFF\"><strong>2025<\/strong><\/td>\n<td bgcolor=\"#00CCFF\">-<strong>5%<\/strong><\/td>\n<td>&nbsp;<\/td>\n<td>&nbsp;<\/td>\n<td>&nbsp;<\/td>\n<td>&nbsp;<\/td>\n<\/tr>\n<tr>\n<td>&nbsp;<\/td>\n<td bgcolor=\"#00CCFF\">2 Erw.<\/td>\n<td bgcolor=\"#00CCFF\">bis 2\u00dcN<\/td>\n<td bgcolor=\"#00CCFF\">78,85\u20ac<\/td>\n<td bgcolor=\"#00CCFF\">97,85\u20ac<\/td>\n<td bgcolor=\"#00CCFF\">126,35\u20ac<\/td>\n<td bgcolor=\"#00CCFF\">126,35\u20ac<\/td>\n<td>&nbsp;<\/td>\n<\/tr>\n<tr>\n<td>&nbsp;<\/td>\n<td bgcolor=\"#00CCFF\">2 Erw.<\/td>\n<td bgcolor=\"#00CCFF\">ab 3\u00dcN<\/td>\n<td bgcolor=\"#00CCFF\">45,00\u20ac<\/td>\n<td bgcolor=\"#00CCFF\">66,50\u20ac<\/td>\n<td bgcolor=\"#00CCFF\">95,00\u20ac<\/td>\n<td bgcolor=\"#00CCFF\">95,00\u20ac<\/td>\n<td>&nbsp;<\/td>\n<\/tr>\n<tr>\n<td>&nbsp;<\/td>\n<td>&nbsp;<\/td>\n<td>&nbsp;<\/td>\n<td>&nbsp;<\/td>\n<td>&nbsp;<\/td>\n<td>&nbsp;<\/td>\n<td>&nbsp;<\/td>\n<td>&nbsp;<\/td>\n<\/tr>\n<tr>\n<td><strong>Pommerscher<br \/>\nKrummstil<\/strong><\/td>\n<td>2 Erw.<\/td>\n<td>bis 2\u00dcN<\/td>\n<td bgcolor=\"#FFFF99\">83,00 \u20ac<\/td>\n<td bgcolor=\"#99FF99\">103,00\u20ac<\/td>\n<td bgcolor=\"#FFCC99\">133,00 \u20ac<\/td>\n<td bgcolor=\"#C1FFFF\">133,00 \u20ac<\/td>\n<td bgcolor=\"#FFCCFF\">133,00 \u20ac<\/td>\n<\/tr>\n<tr>\n<td>max. 4Per.<\/td>\n<td>2 Erw.<\/td>\n<td>ab 3\u00dcN<\/td>\n<td bgcolor=\"#FFFF99\">50,00 \u20ac<\/td>\n<td bgcolor=\"#99FF99\">70,00\u20ac<\/td>\n<td bgcolor=\"#FFCC99\">100,00 \u20ac<\/td>\n<td bgcolor=\"#C1FFFF\">100,00 \u20ac<\/td>\n<td bgcolor=\"#FFCCFF\">100,00 \u20ac<\/td>\n<\/tr>\n<tr>\n<td bgcolor=\"#00CCFF\"><strong>Fr\u00fchbucher<\/strong><\/td>\n<td bgcolor=\"#00CCFF\">f\u00fcr<\/td>\n<td bgcolor=\"#00CCFF\"><strong>2025<\/strong><\/td>\n<td bgcolor=\"#00CCFF\">- <strong>5%<\/strong><\/td>\n<td>&nbsp;<\/td>\n<td>&nbsp;<\/td>\n<td>&nbsp;<\/td>\n<td>&nbsp;<\/td>\n<\/tr>\n<tr>\n<td>&nbsp;<\/td>\n<td bgcolor=\"#00CCFF\">2 Erw.<\/td>\n<td bgcolor=\"#00CCFF\">bis 2\u00dcN<\/td>\n<td bgcolor=\"#00CCFF\">78,85\u20ac<\/td>\n<td bgcolor=\"#00CCFF\">97,85\u20ac<\/td>\n<td bgcolor=\"#00CCFF\">126,35\u20ac<\/td>\n<td bgcolor=\"#00CCFF\">126,35\u20ac<\/td>\n<td>&nbsp;<\/td>\n<\/tr>\n<tr>\n<td>&nbsp;<\/td>\n<td bgcolor=\"#00CCFF\">2 Erw.<\/td>\n<td bgcolor=\"#00CCFF\">ab 3\u00dcN<\/td>\n<td bgcolor=\"#00CCFF\">45,00\u20ac<\/td>\n<td bgcolor=\"#00CCFF\">66,50\u20ac<\/td>\n<td bgcolor=\"#00CCFF\">95,00\u20ac<\/td>\n<td bgcolor=\"#00CCFF\">95,00\u20ac<\/td>\n<td>&nbsp;<\/td>\n<\/tr>\n<tr>\n<td>&nbsp;<\/td>\n<td>&nbsp;<\/td>\n<td>&nbsp;<\/td>\n<td>&nbsp;<\/td>\n<td>&nbsp;<\/td>\n<td>&nbsp;<\/td>\n<td>&nbsp;<\/td>\n<td>&nbsp;<\/td>\n<\/tr>\n<tr>\n<td><strong>Boskop<\/strong><\/td>\n<td>2 Erw.<\/td>\n<td>bis 2\u00dcN<\/td>\n<td bgcolor=\"#FFFF99\">83,00 \u20ac<\/td>\n<td bgcolor=\"#99FF99\">103,00\u20ac<\/td>\n<td bgcolor=\"#FFCC99\">133,00 \u20ac<\/td>\n<td bgcolor=\"#C1FFFF\">133,00 \u20ac<\/td>\n<td bgcolor=\"#FFCCFF\">133,00 \u20ac<\/td>\n<\/tr>\n<tr>\n<td>max. 4Per.<\/td>\n<td>2 Erw.<\/td>\n<td>ab 3\u00dcN<\/td>\n<td bgcolor=\"#FFFF99\">50,00 \u20ac<\/td>\n<td bgcolor=\"#99FF99\">70,00\u20ac<\/td>\n<td bgcolor=\"#FFCC99\">100,00 \u20ac<\/td>\n<td bgcolor=\"#C1FFFF\">100,00 \u20ac<\/td>\n<td bgcolor=\"#FFCCFF\">100,00 \u20ac<\/td>\n<\/tr>\n<tr>\n<td bgcolor=\"#00CCFF\"><strong>Fr\u00fchbucher<\/strong><\/td>\n<td bgcolor=\"#00CCFF\">f\u00fcr<\/td>\n<td bgcolor=\"#00CCFF\"><strong>2025<\/strong><\/td>\n<td bgcolor=\"#00CCFF\">- <strong>5%<\/strong><\/td>\n<td>&nbsp;<\/td>\n<td>&nbsp;<\/td>\n<td>&nbsp;<\/td>\n<td>&nbsp;<\/td>\n<\/tr>\n<tr>\n<td>&nbsp;<\/td>\n<td bgcolor=\"#00CCFF\">2 Erw.<\/td>\n<td bgcolor=\"#00CCFF\">bis 2\u00dcN<\/td>\n<td bgcolor=\"#00CCFF\">78,85\u20ac<\/td>\n<td bgcolor=\"#00CCFF\">97,85\u20ac<\/td>\n<td bgcolor=\"#00CCFF\">126,35\u20ac<\/td>\n<td bgcolor=\"#00CCFF\">126,35\u20ac<\/td>\n<td>&nbsp;<\/td>\n<\/tr>\n<tr>\n<td>&nbsp;<\/td>\n<td bgcolor=\"#00CCFF\">2 Erw.<\/td>\n<td bgcolor=\"#00CCFF\">ab 3\u00dcN<\/td>\n<td bgcolor=\"#00CCFF\">45,00\u20ac<\/td>\n<td bgcolor=\"#00CCFF\">66,50\u20ac<\/td>\n<td bgcolor=\"#00CCFF\">95,00\u20ac<\/td>\n<td bgcolor=\"#00CCFF\">95,00\u20ac<\/td>\n<td>&nbsp;<\/td>\n<\/tr>\n<tr>\n<td>&nbsp;<\/td>\n<td>&nbsp;<\/td>\n<td>&nbsp;<\/td>\n<td>&nbsp;<\/td>\n<td>&nbsp;<\/td>\n<td>&nbsp;<\/td>\n<td>&nbsp;<\/td>\n<td>&nbsp;<\/td>\n<\/tr>\n<tr>\n<td><strong>Gelber Richard<\/strong><\/td>\n<td>2 Erw.<\/td>\n<td>bis 2\u00dcN<\/td>\n<td bgcolor=\"#FFFF99\">83,00 \u20ac<\/td>\n<td bgcolor=\"#99FF99\">103,00\u20ac<\/td>\n<td bgcolor=\"#FFCC99\">133,00 \u20ac<\/td>\n<td bgcolor=\"#C1FFFF\">133,00 \u20ac<\/td>\n<td bgcolor=\"#FFCCFF\">133,00 \u20ac<\/td>\n<\/tr>\n<tr>\n<td>max. 4Per.<\/td>\n<td>2 Erw.<\/td>\n<td>ab 3\u00dcN<\/td>\n<td bgcolor=\"#FFFF99\">50,00 \u20ac<\/td>\n<td bgcolor=\"#99FF99\">70,00\u20ac<\/td>\n<td bgcolor=\"#FFCC99\">100,00 \u20ac<\/td>\n<td bgcolor=\"#C1FFFF\">100,00 \u20ac<\/td>\n<td bgcolor=\"#FFCCFF\">100,00 \u20ac<\/td>\n<\/tr>\n<tr>\n<td bgcolor=\"#00CCFF\"><strong>Fr\u00fchbucher<\/strong><\/td>\n<td bgcolor=\"#00CCFF\">f\u00fcr<\/td>\n<td bgcolor=\"#00CCFF\"><strong>2025<\/strong><\/td>\n<td bgcolor=\"#00CCFF\">&nbsp;- <strong>5%<\/strong><\/td>\n<td>&nbsp;<\/td>\n<td>&nbsp;<\/td>\n<td>&nbsp;<\/td>\n<td>&nbsp;<\/td>\n<\/tr>\n<tr>\n<td>&nbsp;<\/td>\n<td bgcolor=\"#00CCFF\">2 Erw.<\/td>\n<td bgcolor=\"#00CCFF\">bis 2\u00dcN<\/td>\n<td bgcolor=\"#00CCFF\">78,85\u20ac<\/td>\n<td bgcolor=\"#00CCFF\">97,85\u20ac<\/td>\n<td bgcolor=\"#00CCFF\">126,35\u20ac<\/td>\n<td bgcolor=\"#00CCFF\">126,35\u20ac<\/td>\n<td>&nbsp;<\/td>\n<\/tr>\n<tr>\n<td>&nbsp;<\/td>\n<td bgcolor=\"#00CCFF\">2 Erw.<\/td>\n<td bgcolor=\"#00CCFF\">ab 3\u00dcN<\/td>\n<td bgcolor=\"#00CCFF\">45,00\u20ac<\/td>\n<td bgcolor=\"#00CCFF\">66,50\u20ac<\/td>\n<td bgcolor=\"#00CCFF\">95,00\u20ac<\/td>\n<td bgcolor=\"#00CCFF\">95,00\u20ac<\/td>\n<td>&nbsp;<\/td>\n<\/tr>\n<tr>\n<td>&nbsp;<\/td>\n<td>&nbsp;<\/td>\n<td>&nbsp;<\/td>\n<td>&nbsp;<\/td>\n<td>&nbsp;<\/td>\n<td>&nbsp;<\/td>\n<td>&nbsp;<\/td>\n<td>&nbsp;<\/td>\n<\/tr>\n<tr>\n<td>&nbsp;Aufbettung<\/td>\n<td>ab<\/td>\n<td>3. Gast<\/td>\n<td>12,00 \u20ac<\/td>\n<td>12,00 \u20ac<\/td>\n<td>12,00 \u20ac<\/td>\n<td>12,00 \u20ac<\/td>\n<td>12,00 \u20ac<\/td>\n<\/tr>\n<tr>\n<td>&nbsp; frei bis 3 Jahre<\/td>\n<td>&nbsp;<\/td>\n<td>&nbsp;<\/td>\n<td>frei<\/td>\n<td>frei<\/td>\n<td>frei<\/td>\n<td>frei<\/td>\n<td>frei<\/td>\n<\/tr>\n<tr>\n<td>&nbsp;<\/td>\n<td>&nbsp;<\/td>\n<td>&nbsp;<\/td>\n<td>&nbsp;<\/td>\n<td>&nbsp;<\/td>\n<td>&nbsp;<\/td>\n<td>&nbsp;<\/td>\n<td>&nbsp;<\/td>\n<\/tr>\n<tr>\n<td>Hund bis 40 cm<\/td>\n<td>pro<\/td>\n<td>\u00dcN<\/td>\n<td>8,00 \u20ac<\/td>\n<td>8,00 \u20ac<\/td>\n<td>8,00 \u20ac<\/td>\n<td>8,00 \u20ac<\/td>\n<td>8,00 \u20ac<\/td>\n<\/tr>\n<tr>\n<td>&nbsp;<\/td>\n<td>&nbsp;<\/td>\n<td>&nbsp;<\/td>\n<td>&nbsp;<\/td>\n<td>&nbsp;<\/td>\n<td>&nbsp;<\/td>\n<td>&nbsp;<\/td>\n<td>&nbsp;<\/td>\n<\/tr>\n<\/tbody>\n<\/table>\n<\/div>\n<p>&nbsp;<\/p>\n<p align=\"center\">&nbsp;<\/p>\n<p style=\"text-align: left;\" align=\"center\">Unsere Appartements tragen Namen von R\u00fcgener Apfelbaumsorten, die Sie je nach Jahreszeit bei uns auch wachsen sehen und verkosten k\u00f6nnen!<\/p>\n<ul>\n<li style=\"text-align: left;\">alle Preise verstehen sich pro Appartement, inkl. Endreinigung, einem W\u00e4schepaket, Energiekosten, Pkw-Stellplatz und gesetzlicher Mehrwertsteuer.<\/li>\n<li style=\"text-align: left;\">Die Mindestaufenthaltsdauer betr\u00e4gt 2 Tage in der Nebensaison und Zwischendsaison, 4Tage \u00fcber den Jahreswechsel und 5 Tage in der Hauptsaison.<\/li>\n<li style=\"text-align: left;\">Sie w\u00fcnschen sich ein weiteres W\u00e4schepacket, oder bei Aufbettung, dann berechnen wir pro Person 12,00 \u20ac.<\/li>\n<li style=\"text-align: left;\">Der Erholungsort Lancken-Granitz erhebt eine <a href=\"http:\/\/www.ruegen.de\/service\/kurtaxe.html\" target=\"_blank\" rel=\"noopener noreferrer\" class=\"broken_link\">Kurtaxe<\/a>, diese ist bei Ankunft zu entrichten.<\/li>\n<li style=\"text-align: left;\">Besteht die M\u00f6glichkeit einer Aufbettungen in den Appartements, dann wird diese&nbsp; mit 12,00 \u20ac je \u00dcbernachtung und pro Person berechnet.<\/li>\n<li style=\"text-align: left;\">Auf Wunsch stellen wir Ihnen gern kostenlos ein Kinderreisebett und einen Hochstuhl zur Verf\u00fcgung.<\/li>\n<li style=\"text-align: left;\">Sollten Sie Ihren lieben Hund, bis 40 cm H\u00f6he, mitbringen wollen, berechnen wir einen Aufpreis in H\u00f6he von 8,00 \u20ac&nbsp; je \u00dcbernachtung.<\/li>\n<li style=\"text-align: left;\">Wir empfehlen den Abschluss einer <a href=\"https:\/\/www.reiseversicherung.de\/vrv\/partner\/ep-Assistent.html?\/ctrl\/state=dp-start&amp;\/data\/agent\/hagtnr=013783&amp;\/data\/agent\/nagtnr=000000\" target=\"_blank\" rel=\"noopener noreferrer\">Reiser\u00fccktrittsversicherung<\/a>!<\/li>\n<\/ul>\n<\/div>\n<\/div>\n<\/div>\n<\/div><\/div><\/div><\/div><\/div>","protected":false},"excerpt":{"rendered":"<p>&nbsp; _____________________________________________________________ &nbsp; Preise und Saisonzeitenf\u00fcr 2024 &nbsp; Ferienwohnung G\u00e4ste \u00dcN Nebensaison Zwischen saison Haupt saison &nbsp; &nbsp; &nbsp; &nbsp; 28.03.-28.06. 29.06.-12.07. 01.07.-23.08. 28.12.-02.01.25 &nbsp; &nbsp; &nbsp; 04.11.-26.12. 07.09.-03.11. 24.08.-06.09. &nbsp; &nbsp; &nbsp; &nbsp; &nbsp; 03.01.-11.04. 12.04.-26.06 27.06.-18.07. 19.07.-22.08. 27.12.-03.01.26<\/p>\n","protected":false},"author":1,"featured_media":0,"parent":19,"menu_order":300,"comment_status":"closed","ping_status":"closed","template":"","meta":{"ngg_post_thumbnail":0},"aioseo_notices":[],"_links":{"self":[{"href":"https:\/\/am-see-ruegen.de\/index.php?rest_route=\/wp\/v2\/pages\/44"}],"collection":[{"href":"https:\/\/am-see-ruegen.de\/index.php?rest_route=\/wp\/v2\/pages"}],"about":[{"href":"https:\/\/am-see-ruegen.de\/index.php?rest_route=\/wp\/v2\/types\/page"}],"author":[{"embeddable":true,"href":"https:\/\/am-see-ruegen.de\/index.php?rest_route=\/wp\/v2\/users\/1"}],"replies":[{"embeddable":true,"href":"https:\/\/am-see-ruegen.de\/index.php?rest_route=%2Fwp%2Fv2%2Fcomments&post=44"}],"version-history":[{"count":14,"href":"https:\/\/am-see-ruegen.de\/index.php?rest_route=\/wp\/v2\/pages\/44\/revisions"}],"predecessor-version":[{"id":639,"href":"https:\/\/am-see-ruegen.de\/index.php?rest_route=\/wp\/v2\/pages\/44\/revisions\/639"}],"up":[{"embeddable":true,"href":"https:\/\/am-see-ruegen.de\/index.php?rest_route=\/wp\/v2\/pages\/19"}],"wp:attachment":[{"href":"https:\/\/am-see-ruegen.de\/index.php?rest_route=%2Fwp%2Fv2%2Fmedia&parent=44"}],"curies":[{"name":"wp","href":"https:\/\/api.w.org\/{rel}","templated":true}]}}