{"id":60,"date":"2013-04-04T09:05:29","date_gmt":"2013-04-04T08:05:29","guid":{"rendered":"http:\/\/am-see-ruegen.de\/?page_id=60"},"modified":"2022-10-11T11:53:40","modified_gmt":"2022-10-11T10:53:40","slug":"fewo-2-a","status":"publish","type":"page","link":"https:\/\/am-see-ruegen.de\/?page_id=60","title":{"rendered":"Pommerscher Krummstiel"},"content":{"rendered":"<div id=\"pl-60\"  class=\"panel-layout\" ><div id=\"pg-60-0\"  class=\"panel-grid panel-no-style\" ><div id=\"pgc-60-0-0\"  class=\"panel-grid-cell\" ><div id=\"panel-60-0-0-0\" class=\"so-panel widget widget_sow-editor panel-first-child panel-last-child\" data-index=\"0\" ><div\n\t\t\t\n\t\t\tclass=\"so-widget-sow-editor so-widget-sow-editor-base\"\n\t\t\t\n\t\t>\n<div class=\"siteorigin-widget-tinymce textwidget\">\n\t<p>Das 2-Raum-Appartement liegt im Erdgeschoss und ist ca. 48 qm gro\u00df. Es bietet Platz f\u00fcr maximal 4 Erwachsene und wurde modern und komfortabel eingerichtet. Dieses Appartement verf\u00fcgt auch \u00fcber einen WLAN-Internet- und einen Telefonanschluss.<\/p>\n<p>Im Wohnraum befinden sich eine bequeme Sitzcouch mit Tisch, Sessel und ein TV-Ger\u00e4t. Hier steht auch ein Esstisch mit Sitzgelegenheiten.<br \/>\nIm separaten Schlafzimmer stehen ein bequemes Doppelbett mit Nachtschr\u00e4nken und Leselampen sowie ein Kleiderschrank.<\/p>\n<p>Die kleine K\u00fcchenzeile ist mit einem Herd, Wasserkocher, Kaffeemaschine, Toaster, Mikrowelle und K\u00fchlschrank komplett ausgestattet.<\/p>\n<p>F\u00fcr 2 weitere G\u00e4ste kann in diesem Appartement die Couch aufgebettet werden. Ein kleines Kinderreisebett und ein Hochstuhl k\u00f6nnen auf Wunsch kostenlos bereit gestellt werden.<\/p>\n<p>Bei Ihrer Anreise liegen frische Handt\u00fccher bereit und die Betten sind selbstverst\u00e4ndlich bereits mit Bettw\u00e4sche bezogen.<\/p>\n<p>Das Bad ist mit Dusche, WC und Waschtisch ausgestattet.<\/p>\n<p>Zu diesem Appartement im Erdgeschoss geh\u00f6rt auch eine Terrasse mit Gartenm\u00f6beln und Ausblick.<\/p>\n<\/div>\n<\/div><\/div><\/div><\/div><div id=\"pg-60-1\"  class=\"panel-grid panel-no-style\" ><div id=\"pgc-60-1-0\"  class=\"panel-grid-cell\" ><div id=\"panel-60-1-0-0\" class=\"so-panel widget widget_slideshow panel-first-child panel-last-child\" data-index=\"1\" ><h3 class=\"widget-title\">Slideshow<\/h3><div class=\"ngg_slideshow widget\">\n    \n\n<div class=\"ngg-galleryoverview ngg-slideshow\"\n\t id=\"ngg-slideshow-42ce17c6d819577055eaee6b79bf2867-9851741630\"\n     data-gallery-id=\"42ce17c6d819577055eaee6b79bf2867\"\n     style=\"max-width: 500px; max-height: 333px;\">\n\n \t<div id=\"ngg-image-0\" class=\"ngg-gallery-slideshow-image\" style=\"height:333px\">\n\n        <a href=\"https:\/\/am-see-ruegen.de\/wp-content\/gallery\/pommerscher-krummstil\/krummstil-ruegen2.jpg\"\n           title=\"\"\n           data-src=\"https:\/\/am-see-ruegen.de\/wp-content\/gallery\/pommerscher-krummstil\/krummstil-ruegen2.jpg\"\n           data-thumbnail=\"https:\/\/am-see-ruegen.de\/wp-content\/gallery\/pommerscher-krummstil\/thumbs\/thumbs_krummstil-ruegen2.jpg\"\n           data-image-id=\"124\"\n           data-title=\"krummstil-ruegen2\"\n           data-description=\"\"\n           class=\"ngg-fancybox\" rel=\"42ce17c6d819577055eaee6b79bf2867\">\n\n            <img data-image-id='124'\n                 title=\"\"\n                 alt=\"krummstil-ruegen2\"\n                 src=\"https:\/\/am-see-ruegen.de\/wp-content\/gallery\/pommerscher-krummstil\/krummstil-ruegen2.jpg\"\n                 style=\"max-height: 313px;\"\/>\n        <\/a>\n\n        <\/div> \n<div id=\"ngg-image-1\" class=\"ngg-gallery-slideshow-image\" style=\"height:333px\">\n\n        <a href=\"https:\/\/am-see-ruegen.de\/wp-content\/gallery\/pommerscher-krummstil\/krummstil-ruegen3.jpg\"\n           title=\"\"\n           data-src=\"https:\/\/am-see-ruegen.de\/wp-content\/gallery\/pommerscher-krummstil\/krummstil-ruegen3.jpg\"\n           data-thumbnail=\"https:\/\/am-see-ruegen.de\/wp-content\/gallery\/pommerscher-krummstil\/thumbs\/thumbs_krummstil-ruegen3.jpg\"\n           data-image-id=\"127\"\n           data-title=\"krummstil-ruegen3\"\n           data-description=\"\"\n           class=\"ngg-fancybox\" rel=\"42ce17c6d819577055eaee6b79bf2867\">\n\n            <img data-image-id='127'\n                 title=\"\"\n                 alt=\"krummstil-ruegen3\"\n                 src=\"https:\/\/am-see-ruegen.de\/wp-content\/gallery\/pommerscher-krummstil\/krummstil-ruegen3.jpg\"\n                 style=\"max-height: 313px;\"\/>\n        <\/a>\n\n        <\/div> \n<div id=\"ngg-image-2\" class=\"ngg-gallery-slideshow-image\" style=\"height:333px\">\n\n        <a href=\"https:\/\/am-see-ruegen.de\/wp-content\/gallery\/pommerscher-krummstil\/krummstil-ruegen5.jpg\"\n           title=\"\"\n           data-src=\"https:\/\/am-see-ruegen.de\/wp-content\/gallery\/pommerscher-krummstil\/krummstil-ruegen5.jpg\"\n           data-thumbnail=\"https:\/\/am-see-ruegen.de\/wp-content\/gallery\/pommerscher-krummstil\/thumbs\/thumbs_krummstil-ruegen5.jpg\"\n           data-image-id=\"125\"\n           data-title=\"krummstil-ruegen5\"\n           data-description=\"\"\n           class=\"ngg-fancybox\" rel=\"42ce17c6d819577055eaee6b79bf2867\">\n\n            <img data-image-id='125'\n                 title=\"\"\n                 alt=\"krummstil-ruegen5\"\n                 src=\"https:\/\/am-see-ruegen.de\/wp-content\/gallery\/pommerscher-krummstil\/krummstil-ruegen5.jpg\"\n                 style=\"max-height: 313px;\"\/>\n        <\/a>\n\n        <\/div> \n<div id=\"ngg-image-3\" class=\"ngg-gallery-slideshow-image\" style=\"height:333px\">\n\n        <a href=\"https:\/\/am-see-ruegen.de\/wp-content\/gallery\/pommerscher-krummstil\/krummstil-ruegen4.jpg\"\n           title=\"\"\n           data-src=\"https:\/\/am-see-ruegen.de\/wp-content\/gallery\/pommerscher-krummstil\/krummstil-ruegen4.jpg\"\n           data-thumbnail=\"https:\/\/am-see-ruegen.de\/wp-content\/gallery\/pommerscher-krummstil\/thumbs\/thumbs_krummstil-ruegen4.jpg\"\n           data-image-id=\"126\"\n           data-title=\"krummstil-ruegen4\"\n           data-description=\"\"\n           class=\"ngg-fancybox\" rel=\"42ce17c6d819577055eaee6b79bf2867\">\n\n            <img data-image-id='126'\n                 title=\"\"\n                 alt=\"krummstil-ruegen4\"\n                 src=\"https:\/\/am-see-ruegen.de\/wp-content\/gallery\/pommerscher-krummstil\/krummstil-ruegen4.jpg\"\n                 style=\"max-height: 313px;\"\/>\n        <\/a>\n\n        <\/div> \n<div id=\"ngg-image-4\" class=\"ngg-gallery-slideshow-image\" style=\"height:333px\">\n\n        <a href=\"https:\/\/am-see-ruegen.de\/wp-content\/gallery\/pommerscher-krummstil\/krummstil-ruegen7.jpg\"\n           title=\"\"\n           data-src=\"https:\/\/am-see-ruegen.de\/wp-content\/gallery\/pommerscher-krummstil\/krummstil-ruegen7.jpg\"\n           data-thumbnail=\"https:\/\/am-see-ruegen.de\/wp-content\/gallery\/pommerscher-krummstil\/thumbs\/thumbs_krummstil-ruegen7.jpg\"\n           data-image-id=\"128\"\n           data-title=\"krummstil-ruegen7\"\n           data-description=\"\"\n           class=\"ngg-fancybox\" rel=\"42ce17c6d819577055eaee6b79bf2867\">\n\n            <img data-image-id='128'\n                 title=\"\"\n                 alt=\"krummstil-ruegen7\"\n                 src=\"https:\/\/am-see-ruegen.de\/wp-content\/gallery\/pommerscher-krummstil\/krummstil-ruegen7.jpg\"\n                 style=\"max-height: 313px;\"\/>\n        <\/a>\n\n        <\/div> \n<div id=\"ngg-image-5\" class=\"ngg-gallery-slideshow-image\" style=\"height:333px\">\n\n        <a href=\"https:\/\/am-see-ruegen.de\/wp-content\/gallery\/pommerscher-krummstil\/krummstil-ruegen8.jpg\"\n           title=\"\"\n           data-src=\"https:\/\/am-see-ruegen.de\/wp-content\/gallery\/pommerscher-krummstil\/krummstil-ruegen8.jpg\"\n           data-thumbnail=\"https:\/\/am-see-ruegen.de\/wp-content\/gallery\/pommerscher-krummstil\/thumbs\/thumbs_krummstil-ruegen8.jpg\"\n           data-image-id=\"131\"\n           data-title=\"krummstil-ruegen8\"\n           data-description=\"\"\n           class=\"ngg-fancybox\" rel=\"42ce17c6d819577055eaee6b79bf2867\">\n\n            <img data-image-id='131'\n                 title=\"\"\n                 alt=\"krummstil-ruegen8\"\n                 src=\"https:\/\/am-see-ruegen.de\/wp-content\/gallery\/pommerscher-krummstil\/krummstil-ruegen8.jpg\"\n                 style=\"max-height: 313px;\"\/>\n        <\/a>\n\n        <\/div> \n<div id=\"ngg-image-6\" class=\"ngg-gallery-slideshow-image\" style=\"height:333px\">\n\n        <a href=\"https:\/\/am-see-ruegen.de\/wp-content\/gallery\/pommerscher-krummstil\/krummstil-ruegen6.jpg\"\n           title=\"\"\n           data-src=\"https:\/\/am-see-ruegen.de\/wp-content\/gallery\/pommerscher-krummstil\/krummstil-ruegen6.jpg\"\n           data-thumbnail=\"https:\/\/am-see-ruegen.de\/wp-content\/gallery\/pommerscher-krummstil\/thumbs\/thumbs_krummstil-ruegen6.jpg\"\n           data-image-id=\"129\"\n           data-title=\"krummstil-ruegen6\"\n           data-description=\"\"\n           class=\"ngg-fancybox\" rel=\"42ce17c6d819577055eaee6b79bf2867\">\n\n            <img data-image-id='129'\n                 title=\"\"\n                 alt=\"krummstil-ruegen6\"\n                 src=\"https:\/\/am-see-ruegen.de\/wp-content\/gallery\/pommerscher-krummstil\/krummstil-ruegen6.jpg\"\n                 style=\"max-height: 313px;\"\/>\n        <\/a>\n\n        <\/div> \n<div id=\"ngg-image-7\" class=\"ngg-gallery-slideshow-image\" style=\"height:333px\">\n\n        <a href=\"https:\/\/am-see-ruegen.de\/wp-content\/gallery\/pommerscher-krummstil\/grafensteiner-ruegen7.jpg\"\n           title=\"\"\n           data-src=\"https:\/\/am-see-ruegen.de\/wp-content\/gallery\/pommerscher-krummstil\/grafensteiner-ruegen7.jpg\"\n           data-thumbnail=\"https:\/\/am-see-ruegen.de\/wp-content\/gallery\/pommerscher-krummstil\/thumbs\/thumbs_grafensteiner-ruegen7.jpg\"\n           data-image-id=\"136\"\n           data-title=\"grafensteiner-ruegen7\"\n           data-description=\"\"\n           class=\"ngg-fancybox\" rel=\"42ce17c6d819577055eaee6b79bf2867\">\n\n            <img data-image-id='136'\n                 title=\"\"\n                 alt=\"grafensteiner-ruegen7\"\n                 src=\"https:\/\/am-see-ruegen.de\/wp-content\/gallery\/pommerscher-krummstil\/grafensteiner-ruegen7.jpg\"\n                 style=\"max-height: 313px;\"\/>\n        <\/a>\n\n        <\/div> \n<div id=\"ngg-image-8\" class=\"ngg-gallery-slideshow-image\" style=\"height:333px\">\n\n        <a href=\"https:\/\/am-see-ruegen.de\/wp-content\/gallery\/pommerscher-krummstil\/krummstil-ruegen9.jpg\"\n           title=\"\"\n           data-src=\"https:\/\/am-see-ruegen.de\/wp-content\/gallery\/pommerscher-krummstil\/krummstil-ruegen9.jpg\"\n           data-thumbnail=\"https:\/\/am-see-ruegen.de\/wp-content\/gallery\/pommerscher-krummstil\/thumbs\/thumbs_krummstil-ruegen9.jpg\"\n           data-image-id=\"132\"\n           data-title=\"krummstil-ruegen9\"\n           data-description=\"\"\n           class=\"ngg-fancybox\" rel=\"42ce17c6d819577055eaee6b79bf2867\">\n\n            <img data-image-id='132'\n                 title=\"\"\n                 alt=\"krummstil-ruegen9\"\n                 src=\"https:\/\/am-see-ruegen.de\/wp-content\/gallery\/pommerscher-krummstil\/krummstil-ruegen9.jpg\"\n                 style=\"max-height: 313px;\"\/>\n        <\/a>\n\n        <\/div> \n<\/div>\n\n\n\n<\/div>\n<\/div><\/div><\/div><\/div>","protected":false},"excerpt":{"rendered":"<p>Das 2-Raum-Appartement liegt im Erdgeschoss und ist ca. 48 qm gro\u00df. Es bietet Platz f\u00fcr maximal 4 Erwachsene und wurde modern und komfortabel eingerichtet. Dieses Appartement verf\u00fcgt auch \u00fcber einen WLAN-Internet- und einen Telefonanschluss. Im Wohnraum befinden sich eine bequeme<\/p>\n","protected":false},"author":1,"featured_media":0,"parent":19,"menu_order":170,"comment_status":"closed","ping_status":"closed","template":"","meta":{"ngg_post_thumbnail":0},"aioseo_notices":[],"_links":{"self":[{"href":"https:\/\/am-see-ruegen.de\/index.php?rest_route=\/wp\/v2\/pages\/60"}],"collection":[{"href":"https:\/\/am-see-ruegen.de\/index.php?rest_route=\/wp\/v2\/pages"}],"about":[{"href":"https:\/\/am-see-ruegen.de\/index.php?rest_route=\/wp\/v2\/types\/page"}],"author":[{"embeddable":true,"href":"https:\/\/am-see-ruegen.de\/index.php?rest_route=\/wp\/v2\/users\/1"}],"replies":[{"embeddable":true,"href":"https:\/\/am-see-ruegen.de\/index.php?rest_route=%2Fwp%2Fv2%2Fcomments&post=60"}],"version-history":[{"count":2,"href":"https:\/\/am-see-ruegen.de\/index.php?rest_route=\/wp\/v2\/pages\/60\/revisions"}],"predecessor-version":[{"id":586,"href":"https:\/\/am-see-ruegen.de\/index.php?rest_route=\/wp\/v2\/pages\/60\/revisions\/586"}],"up":[{"embeddable":true,"href":"https:\/\/am-see-ruegen.de\/index.php?rest_route=\/wp\/v2\/pages\/19"}],"wp:attachment":[{"href":"https:\/\/am-see-ruegen.de\/index.php?rest_route=%2Fwp%2Fv2%2Fmedia&parent=60"}],"curies":[{"name":"wp","href":"https:\/\/api.w.org\/{rel}","templated":true}]}}